{"id":5495,"date":"2023-06-28T13:26:39","date_gmt":"2023-06-28T11:26:39","guid":{"rendered":"https:\/\/kontaktpunkt-see.de\/ueberuns\/"},"modified":"2023-07-17T11:46:48","modified_gmt":"2023-07-17T09:46:48","slug":"aboutus","status":"publish","type":"page","link":"https:\/\/kontaktpunkt-see.de\/en\/aboutus\/","title":{"rendered":"About us"},"content":{"rendered":"<div class=\"wpb-content-wrapper\">[vc_row][vc_column][vc_column_text]\r\n<h1 style=\"text-align: center;\">About us<\/h1>\r\n[\/vc_column_text][vc_column_text]\r\n<div class=\"wpb_column vc_column_container vc_col-sm-12\">\r\n<div class=\"vc_column-inner\">\r\n<div class=\"wpb_wrapper\">\r\n<div class=\"wpb_text_column wpb_content_element \">\r\n<div class=\"wpb_wrapper\">\r\n\r\n<strong>University of Konstanz.<\/strong> The University of Excellence with over 10,000 students from more than 90 countries enjoys an excellent reputation nationwide and also on an international level. The range of courses includes mainly newly designed Bachelor&#8217;s and Master&#8217;s degree programmes in around 40 subjects in the natural sciences, social sciences and humanities. The University of Konstanz occupies top positions in numerous rankings and has thus become an insider&#8217;s tip among the best universities in Germany. Over 1,900 students graduate from the University of Konstanz every year. In addition to Bachelor&#8217;s and Master&#8217;s examinations, Diplom and Magister examinations as well as state examinations (law, teaching) and doctorates are also taken.\r\n\r\n<strong>Career Service.<\/strong> The Career Service is the organiser of the Career Day kontaktpunkt at the University of Konstanz. As a service institution for students, doctoral students and graduates of the University of Konstanz, it supports and advises this target group in all matters relating to career orientation, applications, internships and career entry. For employers who are looking for qualified junior staff, the Career Service is available as a contact and interface to students and graduates of the University of Konstanz.\r\n\r\n&nbsp;\r\n\r\n<\/div>\r\n<\/div>\r\n<\/div>\r\n<\/div>\r\n<\/div>\r\n[\/vc_column_text][\/vc_column][\/vc_row][vc_row hashlink=&#8221;cooperation&#8221;][vc_column][vc_column_text]\r\n<h2 style=\"text-align: center;\">Cooperation partners<\/h2>\r\n[\/vc_column_text][vc_column_text]\r\n<div class=\"wpb_text_column wpb_content_element \">\r\n<div class=\"wpb_wrapper\">\r\n\r\n<strong>Federal Employment Agency (Agentur f\u00fcr Arbeit) Konstanz-Ravensburg. <\/strong>At the Federal Employment Agency you will find the appropriate contact person for all study, career and labour market issues.\u00a0If you want to know how and where you can find a suitable apprenticeship place or a job that suits you, or if you want to start your own business, the Employment Agency is the right place to go. Here you can get support in optimising your application documents or in developing strategies for starting a career. You can also find information about postgraduate studies, Master&#8217;s programmes, MBAs or further vocational training.\r\n\r\n<strong>Chamber of Industry and Commerce (Industrie- und Handelskammer) Hochrhein-Bodensee. <\/strong>The Chamber of Industry and Commerce Hochrhein-Bodensee was created in 1973 as part of the administrative reform in Baden-W\u00fcrttemberg from the two chambers of Constance and Hochrhein. Its district covers the counties of Constance, Waldshut and L\u00f6rrach. Today, with its headquarters in Constance and the main office in Schopfheim, it looks after more than 33,000 member companies from industry, trade and services. One of its most important tasks is cross-border cooperation with the neighbouring countries of Switzerland, France, Liechtenstein and Austria. As the &#8220;self-administration of the economy&#8221;, the IHK assumes a large number of governmental tasks. More than 2,000 volunteers from business and educational institutions help the 69 permanent employees to do this.\r\n\r\n<strong>Konstanz University of Applied Sciences (HTWG).<\/strong> The HTWG was founded in 1906 as &#8220;Technikum Konstanz&#8221;. It is the southernmost university in Germany. The university profile is predominantly oriented towards technology and engineering. Currently, HTWG offers Bachelor&#8217;s and Master&#8217;s programmes in the fields of technology, business, technology &amp; economics and design. HTWG has an international focus, especially on the economic region of Asia. Exchange programmes with universities in English-speaking countries are being pushed.\r\n\r\n<\/div>\r\n<\/div>\r\n[\/vc_column_text][\/vc_column][\/vc_row][vc_row hashlink=&#8221;contact&#8221;][vc_column][vc_column_text]\r\n<h2 style=\"text-align: center;\">Contact persons<\/h2>\r\n[\/vc_column_text][vc_row_inner][vc_column_inner width=&#8221;1\/2&#8243;][vc_column_text]Diana Caputo\r\nCareer Service\r\n78457 Konstanz\r\nGermany\r\nTel. +49 (0)7531 \/ 88 4139\r\nkontaktpunkt@uni-konstanz.de[\/vc_column_text][\/vc_column_inner][vc_column_inner width=&#8221;1\/2&#8243;][\/vc_column_inner][\/vc_row_inner][\/vc_column][\/vc_row][vc_row hashlink=&#8221;contactform&#8221;][vc_column][vc_column_text]\r\n<h2 style=\"text-align: center;\">Contact form<\/h2>\r\n[\/vc_column_text]\n<div class=\"wpcf7 no-js\" id=\"wpcf7-f200-o1\" lang=\"de-DE\" dir=\"ltr\" data-wpcf7-id=\"200\">\n<div class=\"screen-reader-response\"><p role=\"status\" aria-live=\"polite\" aria-atomic=\"true\"><\/p> <ul><\/ul><\/div>\n<form action=\"\/en\/wp-json\/wp\/v2\/pages\/5495#wpcf7-f200-o1\" method=\"post\" class=\"wpcf7-form init\" aria-label=\"Kontaktformular\" novalidate=\"novalidate\" data-status=\"init\">\n<fieldset class=\"hidden-fields-container\"><input type=\"hidden\" name=\"_wpcf7\" value=\"200\" \/><input type=\"hidden\" name=\"_wpcf7_version\" value=\"6.1.5\" \/><input type=\"hidden\" name=\"_wpcf7_locale\" value=\"de_DE\" \/><input type=\"hidden\" name=\"_wpcf7_unit_tag\" value=\"wpcf7-f200-o1\" \/><input type=\"hidden\" name=\"_wpcf7_container_post\" value=\"0\" \/><input type=\"hidden\" name=\"_wpcf7_posted_data_hash\" value=\"\" \/><input type=\"hidden\" name=\"_wpcf7_recaptcha_response\" value=\"\" \/>\n<\/fieldset>\n<div class=\"section clearfix noborder\">\n\t<div class=\"left\">\n\t\t<p><span class=\"wpcf7-form-control-wrap\" data-name=\"nname\"><input size=\"40\" maxlength=\"400\" class=\"wpcf7-form-control wpcf7-text wpcf7-validates-as-required\" aria-required=\"true\" aria-invalid=\"false\" placeholder=\"Name\" value=\"\" type=\"text\" name=\"nname\" \/><\/span><br \/>\n<span class=\"wpcf7-form-control-wrap\" data-name=\"vname\"><input size=\"40\" maxlength=\"400\" class=\"wpcf7-form-control wpcf7-text wpcf7-validates-as-required\" aria-required=\"true\" aria-invalid=\"false\" placeholder=\"Vorname\" value=\"\" type=\"text\" name=\"vname\" \/><\/span><br \/>\n<span class=\"wpcf7-form-control-wrap\" data-name=\"email\"><input size=\"40\" maxlength=\"400\" class=\"wpcf7-form-control wpcf7-email wpcf7-validates-as-required wpcf7-text wpcf7-validates-as-email\" aria-required=\"true\" aria-invalid=\"false\" placeholder=\"E-Mail\" value=\"\" type=\"email\" name=\"email\" \/><\/span>\n\t\t<\/p>\n\t<\/div>\n\t<div class=\"right\">\n\t\t<p><span class=\"wpcf7-form-control-wrap\" data-name=\"message\"><textarea cols=\"40\" rows=\"10\" maxlength=\"2000\" class=\"wpcf7-form-control wpcf7-textarea wpcf7-validates-as-required\" aria-required=\"true\" aria-invalid=\"false\" placeholder=\"Nachricht\" name=\"message\"><\/textarea><\/span>\n\t\t<\/p>\n\t<\/div>\n<\/div>\n<div class=\"vc_btn3-container vc_btn3-center\">\n\t<p><input class=\"wpcf7-form-control wpcf7-submit has-spinner\" type=\"submit\" value=\"Absenden\" \/>\n\t<\/p>\n<\/div><div class=\"wpcf7-response-output\" aria-hidden=\"true\"><\/div>\n<\/form>\n<\/div>\n[\/vc_column][\/vc_row][vc_row disable_element=&#8221;yes&#8221; hashlink=&#8221;idee&#8221;][vc_column][vc_column_text]\r\n<h2 style=\"text-align: center;\">Idee und Konzept<\/h2>\r\n[\/vc_column_text][vc_column_text]<strong>Grenzenlos denken &#8211; Kontakte kn\u00fcpfen &#8211; Zukunft gestalten<\/strong>\r\n\r\nDer Career Service der Universit\u00e4t Konstanz ist das Bindeglied zwischen Universit\u00e4t und Wirtschaft. Studierende und Unternehmen finden hier Unterst\u00fctzung und Beratung in den Bereichen Karriereplanung , Recruiting und Informationsvermittlung. Mit dem Karrieretag kontaktpunkt m\u00f6chten wir den Kontakt zwischen den Studierenden\/ AbsolventInnen und ArbeitgeberInnen intensivieren. Der Karrieretag bietet die Gelegenheit zum gegenseitigen Kennenlernen.\r\n\r\nHintergrund eines fachbereichs- und sektions\u00fcbergreifenden Karrieretags ist zum einen der Gedanke, dass sehr viele Arbeitgeber entweder Nachwuchskr\u00e4fte f\u00fcr mehrere Bereiche suchen oder ihre Nachwuchskr\u00e4fte aus verschiedenen wissenschaftlichen Disziplinen rekrutieren wollen. Auf der anderen Seite sehen wir uns in der Verantwortung, nicht nur den Studierenden aus den stark nachgefragten F\u00e4chern einen guten Zugang zum Arbeitsmarkt zu schaffen. Wir wollen vielmehr auch den Studierenden aus den arbeitsmarktferneren F\u00e4chern Einstiegsm\u00f6glichkeiten bieten (bis hin zu den StudienabbrecherInnen). Beispielsweise suchen auch IT-Unternehmen Studierende im Personalbereich. Damit schaffen wir einen Mehrwert f\u00fcr die Studierenden und f\u00fcr die Unternehmen.\r\n\r\n[\/vc_column_text][\/vc_column][\/vc_row][vc_row disable_element=&#8221;yes&#8221; hashlink=&#8221;region&#8221;][vc_column][vc_column_text]\r\n<h2 style=\"text-align: center;\">Unsere Region<\/h2>\r\n[\/vc_column_text][vc_column_text]<b>Konstanz \u2013 die attraktive Universit\u00e4tsstadt am Bodensee.\u00a0<\/b>Die gr\u00f6\u00dfte Stadt am Bodensee hat eine vielschichtige Vergangenheit als Bischofs- und Reichsstadt, ist aber trotzdem jung geblieben. Die Hochschulen der Region ziehen junge Leute in die <a href=\"http:\/\/www.konstanz.de\/\">Stadt<\/a> und zahlreiche Wirtschaftsunternehmen sch\u00e4tzen den attraktiven Standort im Dreil\u00e4ndereck. Konstanz ist durch eine vielf\u00e4ltige Wirtschaftsstruktur mit einem breiten Branchenmix gekennzeichnet. Gepr\u00e4gt durch Metall-, Textil- und Nahrungsmittelindustrie verbreiterte sich das Branchenspektrum zunehmend\u00a0\u00fcber Chemie und Pharmazie, Elektrotechnik, Elektronik bis hin zu Innovation- und Umwelttechnik.\r\n\r\n<b>Die internationale Bodenseeregion.\u00a0<\/b>Das Besondere der <a href=\"http:\/\/www.konstanz.ihk.de\/\">Bodenseeregion<\/a> liegt in der stark ausgepr\u00e4gten Mischung aus internationalem Wirtschafts- und Lebensraum gepr\u00e4gt durch High &#8211; Tech und intakter Umwelt.\u00a0Hier treffen\u00a0vier hochentwickelten, deutschsprachigen L\u00e4nder &#8211; Deutschland, Schweiz, \u00d6sterreich und Liechtenstein &#8211; aufeinander.\u00a0Hier k\u00f6nnen Ressourcen geb\u00fcndelt und Synergiene genutzt werden um einen au\u00dfergew\u00f6hlichen Wirtschafststandort zu schaffen.\r\n\r\n<b>Universit\u00e4t Konstanz.\u00a0<\/b>Die Exzellenzuniversit\u00e4t mit \u00fcber 10.000 Studierenden aus \u00fcber 90 L\u00e4ndern genie\u00dft bundesweit und auch auf internationaler Ebene einen hervorragenden Ruf. Das Lehrangebot umfasst vorwiegend neu konzipierte Bachelor- und Masterstudieng\u00e4nge in rund 40 F\u00e4chern der Natur-, Sozial- und Geisteswissenschaften. Die <a href=\"http:\/\/www.uni-konstanz.de\/\">Universit\u00e4t<\/a> belegt in zahlreichen Rankings Spitzenpl\u00e4tze und hat sich somit zu einem Geheimtipp unter den besten Hochschulen der Republik entwickelt. J\u00e4hrlich schlie\u00dfen \u00fcber 1.900 Studierende ihr Studium an der Universit\u00e4t Konstanz ab. Au\u00dfer Bachelor- und Masterpr\u00fcfungen werden noch Diplom- und Magisterpr\u00fcfungen sowie Staatsexamen (Jura, Lehramt) und Promotionen abgelegt.[\/vc_column_text][\/vc_column][\/vc_row][vc_row disable_element=&#8221;yes&#8221; hashlink=&#8221;anfahrt&#8221;][vc_column][vc_column_text]\r\n<h2 style=\"text-align: center;\">Anfahrt und Lageplan<\/h2>\r\n[\/vc_column_text][vc_row_inner][vc_column_inner width=&#8221;1\/2&#8243;][vc_single_image image=&#8221;165&#8243; img_size=&#8221;full&#8221;][\/vc_column_inner][vc_column_inner width=&#8221;1\/2&#8243;][vc_column_text]<b>Adresse Universit\u00e4t Konstanz\r\n<\/b>Universit\u00e4tsstra\u00dfe 10\r\n78464 Konstanz\r\nDeutschland\r\n\r\n&nbsp;\r\n\r\n<strong>Anreise per Auto<\/strong>\r\n\r\n<strong>von Stuttgart (180 km)<\/strong>\r\nA 81 in Richtung Singen. Ab dem Kreuz Hegau ist Konstanz ausgeschildert. In Konstanz folgen Sie den Wegweisern \u201eUniversit\u00e4t\u201c.\r\n\r\n<strong>von M\u00fcnchen (220 km)<\/strong>\r\nA 96 in Richtung Lindau. In Lindau auf die B 31 in Richtung Meersburg. Von Meersburg mit der Autof\u00e4hre nach Konstanz. In Konstanz folgen Sie den Wegweisern \u201eUniversit\u00e4t\u201c.\r\n\r\n<strong>von Z\u00fcrich (75 km)<\/strong>\r\nAutobahn A7 Richtung Kreuzlingen\/Konstanz. Nach der Grenze richten Sie sich zun\u00e4chst nach \u201eMainau\u201c. Ausschilderung \u201eUniversit\u00e4t\u201c beachten.\r\n\r\nParken k\u00f6nnen Sie auf einer der Parkfl\u00e4chen der Universit\u00e4t. Diese sind ausgeschildert. <a class=\"externerLink\" href=\"http:\/\/www.pbw.de\/index.php?l1=30&amp;l2=35\" target=\"_blank\" rel=\"noopener noreferrer\">Weitere Informationen<\/a> zu den Parkm\u00f6glichkeiten (Lage, Geb\u00fchren, \u00d6ffnungszeiten etc.)\r\n\r\n<strong>Anreise per Bahn<\/strong>\r\n\r\nZielort: Hauptbahnhof Konstanz.\r\nVor dem Bahnhof fahren die Busse 9A und 9B direkt zum Haupteingang der Universit\u00e4t.\r\n\r\n<strong>Anreise per Bus<\/strong>\r\n\r\nLinie 9A und 9B: Einstieg z.B. an der Haltestelle Hauptbahnhof.\r\nLinie 11: Einstieg z.B. an der Haltestelle Bahnhof Wollmatingen.\r\n\r\n<strong>Anreise per F\u00e4hre<\/strong>\r\n\r\nVon Meersburg mit der Autof\u00e4hre nach Konstanz. Mit der Buslinie 1 (Haltestelle befindet sich direkt am F\u00e4hrhafen) zum Sternenplatz. Dort umsteigen auf die Linien 9A oder 9B (Haltestelle auf der anderen Stra\u00dfenseite).\r\n\r\nWir w\u00fcnschen Ihnen eine gute Anreise![\/vc_column_text][\/vc_column_inner][\/vc_row_inner][\/vc_column][\/vc_row]<\/div>","protected":false},"excerpt":{"rendered":"[vc_row][vc_column][vc_column_text] About us [\/vc_column_text][vc_column_text] University of Konstanz. The University of Excellence with over 10,000 students from more than 90 countries enjoys an excellent reputation nationwide and also on an international level. The range of courses includes mainly newly designed Bachelor&#8217;s and Master&#8217;s degree programmes in around 40 subjects in the natural sciences, social sciences and [&hellip;]","protected":false},"author":3,"featured_media":0,"parent":0,"menu_order":0,"comment_status":"closed","ping_status":"closed","template":"","meta":{"_acf_changed":false,"footnotes":""},"class_list":["post-5495","page","type-page","status-publish","hentry"],"acf":[],"_links":{"self":[{"href":"https:\/\/kontaktpunkt-see.de\/en\/wp-json\/wp\/v2\/pages\/5495","targetHints":{"allow":["GET"]}}],"collection":[{"href":"https:\/\/kontaktpunkt-see.de\/en\/wp-json\/wp\/v2\/pages"}],"about":[{"href":"https:\/\/kontaktpunkt-see.de\/en\/wp-json\/wp\/v2\/types\/page"}],"author":[{"embeddable":true,"href":"https:\/\/kontaktpunkt-see.de\/en\/wp-json\/wp\/v2\/users\/3"}],"replies":[{"embeddable":true,"href":"https:\/\/kontaktpunkt-see.de\/en\/wp-json\/wp\/v2\/comments?post=5495"}],"version-history":[{"count":8,"href":"https:\/\/kontaktpunkt-see.de\/en\/wp-json\/wp\/v2\/pages\/5495\/revisions"}],"predecessor-version":[{"id":5900,"href":"https:\/\/kontaktpunkt-see.de\/en\/wp-json\/wp\/v2\/pages\/5495\/revisions\/5900"}],"wp:attachment":[{"href":"https:\/\/kontaktpunkt-see.de\/en\/wp-json\/wp\/v2\/media?parent=5495"}],"curies":[{"name":"wp","href":"https:\/\/api.w.org\/{rel}","templated":true}]}}